{"id":723,"date":"2022-01-29T03:22:51","date_gmt":"2022-01-29T03:22:51","guid":{"rendered":"https:\/\/nine7soft.com\/?page_id=723"},"modified":"2022-12-04T23:41:02","modified_gmt":"2022-12-04T23:41:02","slug":"contact-fr","status":"publish","type":"page","link":"https:\/\/n7studio.com\/fr\/contact-fr\/","title":{"rendered":"Contact (FR)"},"content":{"rendered":"\t\t<div data-elementor-type=\"wp-page\" data-elementor-id=\"723\" class=\"elementor elementor-723\">\n\t\t\t\t\t\t<section class=\"elementor-section elementor-top-section elementor-element elementor-element-6d136c4c elementor-section-full_width elementor-section-height-default elementor-section-height-default\" data-id=\"6d136c4c\" data-element_type=\"section\" data-settings=\"{&quot;background_background&quot;:&quot;classic&quot;}\">\n\t\t\t\t\t\t<div class=\"elementor-container elementor-column-gap-default\">\n\t\t\t\t\t<div class=\"elementor-column elementor-col-100 elementor-top-column elementor-element elementor-element-343ef51f\" data-id=\"343ef51f\" data-element_type=\"column\">\n\t\t\t<div class=\"elementor-widget-wrap elementor-element-populated\">\n\t\t\t\t\t\t<section class=\"elementor-section elementor-inner-section elementor-element elementor-element-317b08c2 elementor-section-boxed elementor-section-height-default elementor-section-height-default\" data-id=\"317b08c2\" data-element_type=\"section\">\n\t\t\t\t\t\t<div class=\"elementor-container elementor-column-gap-default\">\n\t\t\t\t\t<div class=\"elementor-column elementor-col-33 elementor-inner-column elementor-element elementor-element-284c9ea5\" data-id=\"284c9ea5\" data-element_type=\"column\">\n\t\t\t<div class=\"elementor-widget-wrap elementor-element-populated\">\n\t\t\t\t\t\t<div class=\"elementor-element elementor-element-24772a38 elementor-widget-divider--view-line elementor-invisible elementor-widget elementor-widget-divider\" data-id=\"24772a38\" data-element_type=\"widget\" data-settings=\"{&quot;_animation&quot;:&quot;fadeInUp&quot;}\" data-widget_type=\"divider.default\">\n\t\t\t\t<div class=\"elementor-widget-container\">\n\t\t\t\t\t\t\t<div class=\"elementor-divider\">\n\t\t\t<span class=\"elementor-divider-separator\">\n\t\t\t\t\t\t<\/span>\n\t\t<\/div>\n\t\t\t\t\t\t<\/div>\n\t\t\t\t<\/div>\n\t\t\t\t\t<\/div>\n\t\t<\/div>\n\t\t\t\t<div class=\"elementor-column elementor-col-33 elementor-inner-column elementor-element elementor-element-2195f0d8\" data-id=\"2195f0d8\" data-element_type=\"column\">\n\t\t\t<div class=\"elementor-widget-wrap elementor-element-populated\">\n\t\t\t\t\t\t<div class=\"elementor-element elementor-element-596bf211 elementor-invisible elementor-widget elementor-widget-heading\" data-id=\"596bf211\" data-element_type=\"widget\" data-settings=\"{&quot;_animation&quot;:&quot;fadeInUp&quot;}\" data-widget_type=\"heading.default\">\n\t\t\t\t<div class=\"elementor-widget-container\">\n\t\t\t\t\t<h2 class=\"elementor-heading-title elementor-size-default\">Nous cr\u00e9ons et d\u00e9veloppons vos id\u00e9es de fa\u00e7on innovante<\/h2>\t\t\t\t<\/div>\n\t\t\t\t<\/div>\n\t\t\t\t\t<\/div>\n\t\t<\/div>\n\t\t\t\t<div class=\"elementor-column elementor-col-33 elementor-inner-column elementor-element elementor-element-6666d32c\" data-id=\"6666d32c\" data-element_type=\"column\">\n\t\t\t<div class=\"elementor-widget-wrap\">\n\t\t\t\t\t\t\t<\/div>\n\t\t<\/div>\n\t\t\t\t\t<\/div>\n\t\t<\/section>\n\t\t\t\t<section class=\"elementor-section elementor-inner-section elementor-element elementor-element-4c854a9 elementor-section-boxed elementor-section-height-default elementor-section-height-default\" data-id=\"4c854a9\" data-element_type=\"section\">\n\t\t\t\t\t\t<div class=\"elementor-container elementor-column-gap-default\">\n\t\t\t\t\t<div class=\"elementor-column elementor-col-50 elementor-inner-column elementor-element elementor-element-5be0f0ce\" data-id=\"5be0f0ce\" data-element_type=\"column\">\n\t\t\t<div class=\"elementor-widget-wrap elementor-element-populated\">\n\t\t\t\t\t\t<div class=\"elementor-element elementor-element-6777d625 elementor-invisible elementor-widget elementor-widget-heading\" data-id=\"6777d625\" data-element_type=\"widget\" data-settings=\"{&quot;_animation&quot;:&quot;fadeInUp&quot;}\" data-widget_type=\"heading.default\">\n\t\t\t\t<div class=\"elementor-widget-container\">\n\t\t\t\t\t<h1 class=\"elementor-heading-title elementor-size-default\">Contact<\/h1>\t\t\t\t<\/div>\n\t\t\t\t<\/div>\n\t\t\t\t<div class=\"elementor-element elementor-element-6715616 elementor-invisible elementor-widget elementor-widget-heading\" data-id=\"6715616\" data-element_type=\"widget\" data-settings=\"{&quot;_animation&quot;:&quot;fadeInUp&quot;}\" data-widget_type=\"heading.default\">\n\t\t\t\t<div class=\"elementor-widget-container\">\n\t\t\t\t\t<h3 class=\"elementor-heading-title elementor-size-default\">Vous avez une id\u00e9e, un projet en t\u00eate ou des questions ?<\/h3>\t\t\t\t<\/div>\n\t\t\t\t<\/div>\n\t\t\t\t<div class=\"elementor-element elementor-element-46cba363 elementor-hidden-mobile elementor-invisible elementor-widget elementor-widget-heading\" data-id=\"46cba363\" data-element_type=\"widget\" data-settings=\"{&quot;_animation&quot;:&quot;fadeInUp&quot;}\" data-widget_type=\"heading.default\">\n\t\t\t\t<div class=\"elementor-widget-container\">\n\t\t\t\t\t<p class=\"elementor-heading-title elementor-size-default\">Nous offrons des services de d\u00e9veloppement d\u2019application web et mobile ainsi que des services-conseils destin\u00e9s aux start-ups et aux entreprises.<\/p>\t\t\t\t<\/div>\n\t\t\t\t<\/div>\n\t\t\t\t<div class=\"elementor-element elementor-element-6caf989 elementor-hidden-mobile elementor-invisible elementor-widget elementor-widget-heading\" data-id=\"6caf989\" data-element_type=\"widget\" data-settings=\"{&quot;_animation&quot;:&quot;fadeInUp&quot;}\" data-widget_type=\"heading.default\">\n\t\t\t\t<div class=\"elementor-widget-container\">\n\t\t\t\t\t<p class=\"elementor-heading-title elementor-size-default\">N7 Studio se distingue par son d\u00e9sir d\u2019accompagner les entreprises et de faire une r\u00e9elle diff\u00e9rence en offrant un produit personnalis\u00e9 et de qualit\u00e9. <\/p>\t\t\t\t<\/div>\n\t\t\t\t<\/div>\n\t\t\t\t<div class=\"elementor-element elementor-element-3890618 elementor-icon-list--layout-traditional elementor-list-item-link-full_width elementor-invisible elementor-widget elementor-widget-icon-list\" data-id=\"3890618\" data-element_type=\"widget\" data-settings=\"{&quot;_animation&quot;:&quot;fadeInUp&quot;}\" data-widget_type=\"icon-list.default\">\n\t\t\t\t<div class=\"elementor-widget-container\">\n\t\t\t\t\t\t\t<ul class=\"elementor-icon-list-items\">\n\t\t\t\t\t\t\t<li class=\"elementor-icon-list-item\">\n\t\t\t\t\t\t\t\t\t\t\t<span class=\"elementor-icon-list-icon\">\n\t\t\t\t\t\t\t<i aria-hidden=\"true\" class=\"fas fa-phone-alt\"><\/i>\t\t\t\t\t\t<\/span>\n\t\t\t\t\t\t\t\t\t\t<span class=\"elementor-icon-list-text\">+1 (514) 298-0061 <\/span>\n\t\t\t\t\t\t\t\t\t<\/li>\n\t\t\t\t\t\t\t\t<li class=\"elementor-icon-list-item\">\n\t\t\t\t\t\t\t\t\t\t\t<span class=\"elementor-icon-list-icon\">\n\t\t\t\t\t\t\t<i aria-hidden=\"true\" class=\"far fa-envelope\"><\/i>\t\t\t\t\t\t<\/span>\n\t\t\t\t\t\t\t\t\t\t<span class=\"elementor-icon-list-text\">info@n7studio.com <\/span>\n\t\t\t\t\t\t\t\t\t<\/li>\n\t\t\t\t\t\t\t\t<li class=\"elementor-icon-list-item\">\n\t\t\t\t\t\t\t\t\t\t\t<span class=\"elementor-icon-list-icon\">\n\t\t\t\t\t\t\t<i aria-hidden=\"true\" class=\"fas fa-map-pin\"><\/i>\t\t\t\t\t\t<\/span>\n\t\t\t\t\t\t\t\t\t\t<span class=\"elementor-icon-list-text\">Montr\u00e9al, Qu\u00e9bec, Canada<\/span>\n\t\t\t\t\t\t\t\t\t<\/li>\n\t\t\t\t\t\t<\/ul>\n\t\t\t\t\t\t<\/div>\n\t\t\t\t<\/div>\n\t\t\t\t<div class=\"elementor-element elementor-element-d4702a7 elementor-shape-circle e-grid-align-left elementor-grid-0 elementor-invisible elementor-widget elementor-widget-social-icons\" data-id=\"d4702a7\" data-element_type=\"widget\" data-settings=\"{&quot;_animation&quot;:&quot;fadeInUp&quot;}\" data-widget_type=\"social-icons.default\">\n\t\t\t\t<div class=\"elementor-widget-container\">\n\t\t\t\t\t\t\t<div class=\"elementor-social-icons-wrapper elementor-grid\" role=\"list\">\n\t\t\t\t\t\t\t<span class=\"elementor-grid-item\" role=\"listitem\">\n\t\t\t\t\t<a class=\"elementor-icon elementor-social-icon elementor-social-icon-facebook elementor-repeater-item-5b4a57e\" href=\"https:\/\/www.facebook.com\/nine7soft\" target=\"_blank\">\n\t\t\t\t\t\t<span class=\"elementor-screen-only\">Facebook<\/span>\n\t\t\t\t\t\t<i class=\"fab fa-facebook\"><\/i>\t\t\t\t\t<\/a>\n\t\t\t\t<\/span>\n\t\t\t\t\t\t\t<span class=\"elementor-grid-item\" role=\"listitem\">\n\t\t\t\t\t<a class=\"elementor-icon elementor-social-icon elementor-social-icon-linkedin elementor-repeater-item-06a5941\" href=\"https:\/\/www.linkedin.com\/company\/nine7soft\/\" target=\"_blank\">\n\t\t\t\t\t\t<span class=\"elementor-screen-only\">Linkedin<\/span>\n\t\t\t\t\t\t<i class=\"fab fa-linkedin\"><\/i>\t\t\t\t\t<\/a>\n\t\t\t\t<\/span>\n\t\t\t\t\t<\/div>\n\t\t\t\t\t\t<\/div>\n\t\t\t\t<\/div>\n\t\t\t\t\t<\/div>\n\t\t<\/div>\n\t\t\t\t<div class=\"elementor-column elementor-col-50 elementor-inner-column elementor-element elementor-element-2ada83f elementor-invisible\" data-id=\"2ada83f\" data-element_type=\"column\" data-settings=\"{&quot;animation&quot;:&quot;fadeInRight&quot;}\">\n\t\t\t<div class=\"elementor-widget-wrap elementor-element-populated\">\n\t\t\t\t\t\t<div class=\"elementor-element elementor-element-336046d elementor-widget elementor-widget-heading\" data-id=\"336046d\" data-element_type=\"widget\" data-widget_type=\"heading.default\">\n\t\t\t\t<div class=\"elementor-widget-container\">\n\t\t\t\t\t<h1 class=\"elementor-heading-title elementor-size-default\">Remplissez le formulaire ci-dessous ou contactez-nous directement.<\/h1>\t\t\t\t<\/div>\n\t\t\t\t<\/div>\n\t\t\t\t\t<\/div>\n\t\t<\/div>\n\t\t\t\t\t<\/div>\n\t\t<\/section>\n\t\t\t\t\t<\/div>\n\t\t<\/div>\n\t\t\t\t\t<\/div>\n\t\t<\/section>\n\t\t\t\t<section class=\"elementor-section elementor-top-section elementor-element elementor-element-4561b54 elementor-section-full_width elementor-section-content-bottom elementor-section-height-default elementor-section-height-default\" data-id=\"4561b54\" data-element_type=\"section\">\n\t\t\t\t\t\t<div class=\"elementor-container elementor-column-gap-default\">\n\t\t\t\t\t<div class=\"elementor-column elementor-col-100 elementor-top-column elementor-element elementor-element-3a3a7a5\" data-id=\"3a3a7a5\" data-element_type=\"column\">\n\t\t\t<div class=\"elementor-widget-wrap elementor-element-populated\">\n\t\t\t\t\t\t<div class=\"elementor-element elementor-element-5ecd06a elementor-widget elementor-widget-google_maps\" data-id=\"5ecd06a\" data-element_type=\"widget\" data-widget_type=\"google_maps.default\">\n\t\t\t\t<div class=\"elementor-widget-container\">\n\t\t\t\t\t\t\t<div class=\"elementor-custom-embed\">\n\t\t\t<iframe loading=\"lazy\"\n\t\t\t\t\tdata-src=\"https:\/\/maps.google.com\/maps?q=Montr%C3%A9al%2C%20quebec&#038;t=m&#038;z=10&#038;output=embed&#038;iwloc=near\"\n\t\t\t\t\ttitle=\"Montr\u00e9al, quebec\"\n\t\t\t\t\taria-label=\"Montr\u00e9al, quebec\"\n\t\t\t src=\"data:image\/gif;base64,R0lGODlhAQABAAAAACH5BAEKAAEALAAAAAABAAEAAAICTAEAOw==\" class=\"lazyload\" data-load-mode=\"1\"><\/iframe>\n\t\t<\/div>\n\t\t\t\t\t\t<\/div>\n\t\t\t\t<\/div>\n\t\t\t\t\t<\/div>\n\t\t<\/div>\n\t\t\t\t\t<\/div>\n\t\t<\/section>\n\t\t\t\t<\/div>\n\t\t","protected":false},"excerpt":{"rendered":"<p>Nous cr\u00e9ons et d\u00e9veloppons vos id\u00e9es de fa\u00e7on innovante Contact Vous avez une id\u00e9e, un projet en t\u00eate ou des questions ? Nous offrons des services de d\u00e9veloppement d\u2019application web et mobile ainsi que des services-conseils destin\u00e9s aux start-ups et aux entreprises. N7 Studio se distingue par son d\u00e9sir d\u2019accompagner les entreprises et de faire [&hellip;]<\/p>\n","protected":false},"author":2,"featured_media":1024,"parent":0,"menu_order":0,"comment_status":"closed","ping_status":"closed","template":"elementor_header_footer","meta":{"content-type":"","om_disable_all_campaigns":false,"_monsterinsights_skip_tracking":false,"_monsterinsights_sitenote_active":false,"_monsterinsights_sitenote_note":"","_monsterinsights_sitenote_category":0,"footnotes":""},"class_list":["post-723","page","type-page","status-publish","has-post-thumbnail","hentry"],"yoast_head":"<!-- This site is optimized with the Yoast SEO plugin v27.4 - https:\/\/yoast.com\/product\/yoast-seo-wordpress\/ -->\n<title>D\u00e9veloppement d\u2019application Web et mobile - Contact | N7 Studio<\/title>\n<meta name=\"description\" content=\"Vous avez une id\u00e9e, un projet en t\u00eate ou des questions ? Contact : 1 (514) 298-0061 ou \u00e0 l&#039;adresse courriel info@n7studio.com\" \/>\n<meta name=\"robots\" content=\"index, follow, max-snippet:-1, max-image-preview:large, max-video-preview:-1\" \/>\n<link rel=\"canonical\" href=\"https:\/\/n7studio.com\/fr\/contact-fr\/\" \/>\n<meta property=\"og:locale\" content=\"fr_CA\" \/>\n<meta property=\"og:type\" content=\"article\" \/>\n<meta property=\"og:title\" content=\"D\u00e9veloppement d\u2019application Web et mobile - Contact | N7 Studio\" \/>\n<meta property=\"og:description\" content=\"Vous avez une id\u00e9e, un projet en t\u00eate ou des questions ? Contact : 1 (514) 298-0061 ou \u00e0 l&#039;adresse courriel info@n7studio.com\" \/>\n<meta property=\"og:url\" content=\"https:\/\/n7studio.com\/fr\/contact-fr\/\" \/>\n<meta property=\"og:site_name\" content=\"Experts en application web et mobile \u00e0 Montr\u00e9al | Nine7soft\" \/>\n<meta property=\"article:publisher\" content=\"https:\/\/www.facebook.com\/n7studioca\" \/>\n<meta property=\"article:modified_time\" content=\"2022-12-04T23:41:02+00:00\" \/>\n<meta property=\"og:image\" content=\"https:\/\/n7studio.com\/wp-content\/uploads\/2022\/01\/Contact-Nine7soft.jpg\" \/>\n\t<meta property=\"og:image:width\" content=\"1200\" \/>\n\t<meta property=\"og:image:height\" content=\"630\" \/>\n\t<meta property=\"og:image:type\" content=\"image\/jpeg\" \/>\n<meta name=\"twitter:card\" content=\"summary_large_image\" \/>\n<meta name=\"twitter:label1\" content=\"Estimation du temps de lecture\" \/>\n\t<meta name=\"twitter:data1\" content=\"1 minute\" \/>\n<script type=\"application\/ld+json\" class=\"yoast-schema-graph\">{\"@context\":\"https:\\\/\\\/schema.org\",\"@graph\":[{\"@type\":\"WebPage\",\"@id\":\"https:\\\/\\\/n7studio.com\\\/fr\\\/contact-fr\\\/\",\"url\":\"https:\\\/\\\/n7studio.com\\\/fr\\\/contact-fr\\\/\",\"name\":\"D\u00e9veloppement d\u2019application Web et mobile - Contact | N7 Studio\",\"isPartOf\":{\"@id\":\"https:\\\/\\\/n7studio.com\\\/#website\"},\"primaryImageOfPage\":{\"@id\":\"https:\\\/\\\/n7studio.com\\\/fr\\\/contact-fr\\\/#primaryimage\"},\"image\":{\"@id\":\"https:\\\/\\\/n7studio.com\\\/fr\\\/contact-fr\\\/#primaryimage\"},\"thumbnailUrl\":\"https:\\\/\\\/n7studio.com\\\/wp-content\\\/uploads\\\/2022\\\/01\\\/Contact-Nine7soft.jpg\",\"datePublished\":\"2022-01-29T03:22:51+00:00\",\"dateModified\":\"2022-12-04T23:41:02+00:00\",\"description\":\"Vous avez une id\u00e9e, un projet en t\u00eate ou des questions ? Contact : 1 (514) 298-0061 ou \u00e0 l'adresse courriel info@n7studio.com\",\"breadcrumb\":{\"@id\":\"https:\\\/\\\/n7studio.com\\\/fr\\\/contact-fr\\\/#breadcrumb\"},\"inLanguage\":\"fr-CA\",\"potentialAction\":[{\"@type\":\"ReadAction\",\"target\":[\"https:\\\/\\\/n7studio.com\\\/fr\\\/contact-fr\\\/\"]}]},{\"@type\":\"ImageObject\",\"inLanguage\":\"fr-CA\",\"@id\":\"https:\\\/\\\/n7studio.com\\\/fr\\\/contact-fr\\\/#primaryimage\",\"url\":\"https:\\\/\\\/n7studio.com\\\/wp-content\\\/uploads\\\/2022\\\/01\\\/Contact-Nine7soft.jpg\",\"contentUrl\":\"https:\\\/\\\/n7studio.com\\\/wp-content\\\/uploads\\\/2022\\\/01\\\/Contact-Nine7soft.jpg\",\"width\":1200,\"height\":630,\"caption\":\"Contact-Nine7soft\"},{\"@type\":\"BreadcrumbList\",\"@id\":\"https:\\\/\\\/n7studio.com\\\/fr\\\/contact-fr\\\/#breadcrumb\",\"itemListElement\":[{\"@type\":\"ListItem\",\"position\":1,\"name\":\"Accueil\",\"item\":\"https:\\\/\\\/n7studio.com\\\/\"},{\"@type\":\"ListItem\",\"position\":2,\"name\":\"Contact (FR)\"}]},{\"@type\":\"WebSite\",\"@id\":\"https:\\\/\\\/n7studio.com\\\/#website\",\"url\":\"https:\\\/\\\/n7studio.com\\\/\",\"name\":\"Experts en application web et mobile \u00e0 Montr\u00e9al | Nine7soft\",\"description\":\"N7 Studio est une firme d&#039;expert en d\u00e9veloppement web et mobile, ce sp\u00e9cialisant en Frontend. React.JS, Next.JS, PWA\",\"publisher\":{\"@id\":\"https:\\\/\\\/n7studio.com\\\/#organization\"},\"potentialAction\":[{\"@type\":\"SearchAction\",\"target\":{\"@type\":\"EntryPoint\",\"urlTemplate\":\"https:\\\/\\\/n7studio.com\\\/?s={search_term_string}\"},\"query-input\":{\"@type\":\"PropertyValueSpecification\",\"valueRequired\":true,\"valueName\":\"search_term_string\"}}],\"inLanguage\":\"fr-CA\"},{\"@type\":\"Organization\",\"@id\":\"https:\\\/\\\/n7studio.com\\\/#organization\",\"name\":\"Experts en application web et mobile \u00e0 Montr\u00e9al | Nine7soft\",\"url\":\"https:\\\/\\\/n7studio.com\\\/\",\"logo\":{\"@type\":\"ImageObject\",\"inLanguage\":\"fr-CA\",\"@id\":\"https:\\\/\\\/n7studio.com\\\/#\\\/schema\\\/logo\\\/image\\\/\",\"url\":\"https:\\\/\\\/n7studio.com\\\/wp-content\\\/uploads\\\/2022\\\/12\\\/cropped-logoPlan-de-travail-1-copie.png\",\"contentUrl\":\"https:\\\/\\\/n7studio.com\\\/wp-content\\\/uploads\\\/2022\\\/12\\\/cropped-logoPlan-de-travail-1-copie.png\",\"width\":673,\"height\":567,\"caption\":\"Experts en application web et mobile \u00e0 Montr\u00e9al | Nine7soft\"},\"image\":{\"@id\":\"https:\\\/\\\/n7studio.com\\\/#\\\/schema\\\/logo\\\/image\\\/\"},\"sameAs\":[\"https:\\\/\\\/www.facebook.com\\\/n7studioca\",\"https:\\\/\\\/www.linkedin.com\\\/company\\\/n7studio\"]}]}<\/script>\n<!-- \/ Yoast SEO plugin. -->","yoast_head_json":{"title":"D\u00e9veloppement d\u2019application Web et mobile - Contact | N7 Studio","description":"Vous avez une id\u00e9e, un projet en t\u00eate ou des questions ? Contact : 1 (514) 298-0061 ou \u00e0 l'adresse courriel info@n7studio.com","robots":{"index":"index","follow":"follow","max-snippet":"max-snippet:-1","max-image-preview":"max-image-preview:large","max-video-preview":"max-video-preview:-1"},"canonical":"https:\/\/n7studio.com\/fr\/contact-fr\/","og_locale":"fr_CA","og_type":"article","og_title":"D\u00e9veloppement d\u2019application Web et mobile - Contact | N7 Studio","og_description":"Vous avez une id\u00e9e, un projet en t\u00eate ou des questions ? Contact : 1 (514) 298-0061 ou \u00e0 l'adresse courriel info@n7studio.com","og_url":"https:\/\/n7studio.com\/fr\/contact-fr\/","og_site_name":"Experts en application web et mobile \u00e0 Montr\u00e9al | Nine7soft","article_publisher":"https:\/\/www.facebook.com\/n7studioca","article_modified_time":"2022-12-04T23:41:02+00:00","og_image":[{"width":1200,"height":630,"url":"https:\/\/n7studio.com\/wp-content\/uploads\/2022\/01\/Contact-Nine7soft.jpg","type":"image\/jpeg"}],"twitter_card":"summary_large_image","twitter_misc":{"Estimation du temps de lecture":"1 minute"},"schema":{"@context":"https:\/\/schema.org","@graph":[{"@type":"WebPage","@id":"https:\/\/n7studio.com\/fr\/contact-fr\/","url":"https:\/\/n7studio.com\/fr\/contact-fr\/","name":"D\u00e9veloppement d\u2019application Web et mobile - Contact | N7 Studio","isPartOf":{"@id":"https:\/\/n7studio.com\/#website"},"primaryImageOfPage":{"@id":"https:\/\/n7studio.com\/fr\/contact-fr\/#primaryimage"},"image":{"@id":"https:\/\/n7studio.com\/fr\/contact-fr\/#primaryimage"},"thumbnailUrl":"https:\/\/n7studio.com\/wp-content\/uploads\/2022\/01\/Contact-Nine7soft.jpg","datePublished":"2022-01-29T03:22:51+00:00","dateModified":"2022-12-04T23:41:02+00:00","description":"Vous avez une id\u00e9e, un projet en t\u00eate ou des questions ? Contact : 1 (514) 298-0061 ou \u00e0 l'adresse courriel info@n7studio.com","breadcrumb":{"@id":"https:\/\/n7studio.com\/fr\/contact-fr\/#breadcrumb"},"inLanguage":"fr-CA","potentialAction":[{"@type":"ReadAction","target":["https:\/\/n7studio.com\/fr\/contact-fr\/"]}]},{"@type":"ImageObject","inLanguage":"fr-CA","@id":"https:\/\/n7studio.com\/fr\/contact-fr\/#primaryimage","url":"https:\/\/n7studio.com\/wp-content\/uploads\/2022\/01\/Contact-Nine7soft.jpg","contentUrl":"https:\/\/n7studio.com\/wp-content\/uploads\/2022\/01\/Contact-Nine7soft.jpg","width":1200,"height":630,"caption":"Contact-Nine7soft"},{"@type":"BreadcrumbList","@id":"https:\/\/n7studio.com\/fr\/contact-fr\/#breadcrumb","itemListElement":[{"@type":"ListItem","position":1,"name":"Accueil","item":"https:\/\/n7studio.com\/"},{"@type":"ListItem","position":2,"name":"Contact (FR)"}]},{"@type":"WebSite","@id":"https:\/\/n7studio.com\/#website","url":"https:\/\/n7studio.com\/","name":"Experts en application web et mobile \u00e0 Montr\u00e9al | Nine7soft","description":"N7 Studio est une firme d&#039;expert en d\u00e9veloppement web et mobile, ce sp\u00e9cialisant en Frontend. React.JS, Next.JS, PWA","publisher":{"@id":"https:\/\/n7studio.com\/#organization"},"potentialAction":[{"@type":"SearchAction","target":{"@type":"EntryPoint","urlTemplate":"https:\/\/n7studio.com\/?s={search_term_string}"},"query-input":{"@type":"PropertyValueSpecification","valueRequired":true,"valueName":"search_term_string"}}],"inLanguage":"fr-CA"},{"@type":"Organization","@id":"https:\/\/n7studio.com\/#organization","name":"Experts en application web et mobile \u00e0 Montr\u00e9al | Nine7soft","url":"https:\/\/n7studio.com\/","logo":{"@type":"ImageObject","inLanguage":"fr-CA","@id":"https:\/\/n7studio.com\/#\/schema\/logo\/image\/","url":"https:\/\/n7studio.com\/wp-content\/uploads\/2022\/12\/cropped-logoPlan-de-travail-1-copie.png","contentUrl":"https:\/\/n7studio.com\/wp-content\/uploads\/2022\/12\/cropped-logoPlan-de-travail-1-copie.png","width":673,"height":567,"caption":"Experts en application web et mobile \u00e0 Montr\u00e9al | Nine7soft"},"image":{"@id":"https:\/\/n7studio.com\/#\/schema\/logo\/image\/"},"sameAs":["https:\/\/www.facebook.com\/n7studioca","https:\/\/www.linkedin.com\/company\/n7studio"]}]}},"_links":{"self":[{"href":"https:\/\/n7studio.com\/fr\/wp-json\/wp\/v2\/pages\/723","targetHints":{"allow":["GET"]}}],"collection":[{"href":"https:\/\/n7studio.com\/fr\/wp-json\/wp\/v2\/pages"}],"about":[{"href":"https:\/\/n7studio.com\/fr\/wp-json\/wp\/v2\/types\/page"}],"author":[{"embeddable":true,"href":"https:\/\/n7studio.com\/fr\/wp-json\/wp\/v2\/users\/2"}],"replies":[{"embeddable":true,"href":"https:\/\/n7studio.com\/fr\/wp-json\/wp\/v2\/comments?post=723"}],"version-history":[{"count":75,"href":"https:\/\/n7studio.com\/fr\/wp-json\/wp\/v2\/pages\/723\/revisions"}],"predecessor-version":[{"id":1569,"href":"https:\/\/n7studio.com\/fr\/wp-json\/wp\/v2\/pages\/723\/revisions\/1569"}],"wp:featuredmedia":[{"embeddable":true,"href":"https:\/\/n7studio.com\/fr\/wp-json\/wp\/v2\/media\/1024"}],"wp:attachment":[{"href":"https:\/\/n7studio.com\/fr\/wp-json\/wp\/v2\/media?parent=723"}],"curies":[{"name":"wp","href":"https:\/\/api.w.org\/{rel}","templated":true}]}}